{"id":62,"date":"2022-05-18T15:08:23","date_gmt":"2022-05-18T15:08:23","guid":{"rendered":"https:\/\/dccg.upc.edu\/topping\/?page_id=62"},"modified":"2022-07-11T13:29:42","modified_gmt":"2022-07-11T13:29:42","slug":"topping-workshop","status":"publish","type":"page","link":"https:\/\/dccg.upc.edu\/topping\/topping-workshop\/","title":{"rendered":"TOPPING Midterm meeting"},"content":{"rendered":"\n<p>Venue:<\/p>\n\n\n\n<p><strong>Sala \u00c0gora<\/strong>, Campus Nord, UPC<\/p>\n\n\n\n<p>The meeting room is located at one of the corners of the &#8220;Pla\u00e7a de Telecos&#8221;.<\/p>\n\n\n\n<p><\/p>\n\n\n\n<p>Below you can see the 494m route from the Torre Girona residence to \u00c0gora.<\/p>\n\n\n\n<figure class=\"wp-block-image size-large\"><img loading=\"lazy\" decoding=\"async\" width=\"1024\" height=\"538\" src=\"https:\/\/dccg.upc.edu\/topping\/wp-content\/uploads\/2022\/06\/dir_agora-1024x538.jpg\" alt=\"\" class=\"wp-image-189\" srcset=\"https:\/\/dccg.upc.edu\/topping\/wp-content\/uploads\/2022\/06\/dir_agora-1024x538.jpg 1024w, https:\/\/dccg.upc.edu\/topping\/wp-content\/uploads\/2022\/06\/dir_agora-300x158.jpg 300w, https:\/\/dccg.upc.edu\/topping\/wp-content\/uploads\/2022\/06\/dir_agora-768x404.jpg 768w, https:\/\/dccg.upc.edu\/topping\/wp-content\/uploads\/2022\/06\/dir_agora-1536x807.jpg 1536w, https:\/\/dccg.upc.edu\/topping\/wp-content\/uploads\/2022\/06\/dir_agora-2048x1076.jpg 2048w, https:\/\/dccg.upc.edu\/topping\/wp-content\/uploads\/2022\/06\/dir_agora-1200x631.jpg 1200w, https:\/\/dccg.upc.edu\/topping\/wp-content\/uploads\/2022\/06\/dir_agora-1980x1040.jpg 1980w\" sizes=\"auto, (max-width: 1024px) 100vw, 1024px\" \/><\/figure>\n\n\n\n<p>See <a href=\"https:\/\/goo.gl\/maps\/SqCUZeG5A88oPbrY8\">location in Google Maps<\/a> (ignore street view!)<\/p>\n\n\n\n<p>Program:<\/p>\n\n\n\n<figure class=\"wp-block-table is-style-stripes\"><table class=\"has-fixed-layout\"><tbody><tr><td><\/td><td><strong>Monday, July 11, 2022<\/strong><\/td><td><strong>Tuesday, July 12, 2022<\/strong><\/td><td><strong>Wednesday, July 13, 2022<\/strong><\/td><td><strong>Thursday, July 14, 2022<\/strong><\/td><\/tr><tr><td>10:00-13:00<\/td><td><strong>10:30 <\/strong>Intro, presentations recent work<\/td><td>Working Session<\/td><td>Working Session<\/td><td>Working Session<\/td><\/tr><tr><td>13:00-14:30<\/td><td>Lunch<\/td><td>Lunch<\/td><td>Lunch<\/td><td>Lunch<\/td><\/tr><tr><td>14:30-15:30<\/td><td><a href=\"https:\/\/dccg.upc.edu\/topping\/topping-midterm-meeting-invited-talk\/\" data-type=\"page\" data-id=\"182\">Invited Lecture:<br>Guilherme Dias da Fonseca<\/a><br><\/td><td>Working<br>Session<\/td><td>Working<br>Session<\/td><td>Wrapping up Session<\/td><\/tr><tr><td>15:30-15:45<\/td><td>Break<\/td><td>Break<\/td><td>Break<\/td><td>Break<\/td><\/tr><tr><td>15:45-16:45<\/td><td>Open<br>Problems<br>Session<\/td><td>Working<br>Session<\/td><td>Working<br>Session<\/td><td>Wrapping up Session<\/td><\/tr><tr><td>16:45-17:00<\/td><td>Break<\/td><td>Break<\/td><td>Break<\/td><td><\/td><\/tr><tr><td>17:00-18:00<\/td><td>Working Session<\/td><td>Working<br>Session<\/td><td>Working<br>Session<\/td><td><\/td><\/tr><tr><td>20:30<\/td><td><\/td><td><\/td><td>Dinner at <a href=\"https:\/\/centralparkbcn.com\/\">Central Park<\/a><\/td><td><\/td><\/tr><\/tbody><\/table><\/figure>\n\n\n\n<p><\/p>\n\n\n\n<p>List of participants:<\/p>\n\n\n\n<ul class=\"wp-block-list\"><li><a href=\"https:\/\/scholar.google.es\/citations?user=GHTPPR0AAAAJ&amp;hl=es\">Merc\u00e8 Claverol<\/a><\/li><li>Andrea de las Heras<\/li><li><a href=\"https:\/\/pageperso.lis-lab.fr\/guilherme.fonseca\/\">Guilherme Dias da Fonseca<\/a><\/li><li><a href=\"https:\/\/guillermoesteban.web.uah.es\/\">Guillermo Esteban<\/a><\/li><li><a href=\"https:\/\/personal.us.es\/dgarijo\/\">Delia Garijo<\/a><\/li><li><a href=\"https:\/\/mat.upc.edu\/en\/people\/carmen.hernando\">Carmen Hernando<\/a><\/li><li><a href=\"https:\/\/mat.upc.edu\/en\/people\/clemens.huemer\">Clemens Huemer<\/a><\/li><li><a href=\"https:\/\/www.cs.cinvestav.mx\/Investigadores\/ELara\">Dolores Lara<\/a><\/li><li><a href=\"https:\/\/www.cs.upc.edu\/~antoni\/\">Antoni Lozano<\/a><\/li><li><a href=\"https:\/\/www.uah.es\/es\/estudios\/profesor\/Alejandra-Martinez-Moraian\/\">Alejandra Mart\u00ednez Moraian<\/a><\/li><li><a href=\"https:\/\/futur.upc.edu\/MerceMoraGine\">Merc\u00e8 Mora<\/a><\/li><li>Nicolau Oliver<\/li><li><a href=\"https:\/\/ordend.web.uah.es\/\">David Orden<\/a><\/li><li><a href=\"http:\/\/brujula.ual.es\/authors\/767.html?pageType=patent&amp;sortBy=journalAsc&amp;title=&amp;yearFrom=&amp;yearUntil=&amp;publicationJournal=\">Mar\u00eda Luz Puertas<\/a><\/li><li><a href=\"https:\/\/limos.fr\/detailperson\/395\">Bastien Rivier<\/a><\/li><li><a href=\"https:\/\/web.mat.upc.edu\/carlos.seara\/\">Carlos Seara<\/a><\/li><li><a href=\"https:\/\/dccg.upc.edu\/people\/rodrigo\/\">Rodrigo I. Silveira<\/a><\/li><li><a href=\"https:\/\/iuma.unizar.es\/es\/personal\/tejel-altarriba-javier\">Javier Tejel<\/a><\/li><\/ul>\n","protected":false},"excerpt":{"rendered":"<p>Venue: Sala \u00c0gora, Campus Nord, UPC The meeting room is located at one of the corners of the &#8220;Pla\u00e7a de Telecos&#8221;. Below you can see the 494m route from the Torre Girona residence to \u00c0gora. See location in Google Maps (ignore street view!) Program: Monday, July 11, 2022 Tuesday, July 12, 2022 Wednesday, July 13, [&hellip;]<\/p>\n","protected":false},"author":1,"featured_media":0,"parent":0,"menu_order":0,"comment_status":"closed","ping_status":"closed","template":"templates\/template-full-width.php","meta":{"footnotes":""},"class_list":["post-62","page","type-page","status-publish","hentry"],"_links":{"self":[{"href":"https:\/\/dccg.upc.edu\/topping\/wp-json\/wp\/v2\/pages\/62","targetHints":{"allow":["GET"]}}],"collection":[{"href":"https:\/\/dccg.upc.edu\/topping\/wp-json\/wp\/v2\/pages"}],"about":[{"href":"https:\/\/dccg.upc.edu\/topping\/wp-json\/wp\/v2\/types\/page"}],"author":[{"embeddable":true,"href":"https:\/\/dccg.upc.edu\/topping\/wp-json\/wp\/v2\/users\/1"}],"replies":[{"embeddable":true,"href":"https:\/\/dccg.upc.edu\/topping\/wp-json\/wp\/v2\/comments?post=62"}],"version-history":[{"count":30,"href":"https:\/\/dccg.upc.edu\/topping\/wp-json\/wp\/v2\/pages\/62\/revisions"}],"predecessor-version":[{"id":206,"href":"https:\/\/dccg.upc.edu\/topping\/wp-json\/wp\/v2\/pages\/62\/revisions\/206"}],"wp:attachment":[{"href":"https:\/\/dccg.upc.edu\/topping\/wp-json\/wp\/v2\/media?parent=62"}],"curies":[{"name":"wp","href":"https:\/\/api.w.org\/{rel}","templated":true}]}}