{"id":60,"date":"2022-05-18T15:08:02","date_gmt":"2022-05-18T15:08:02","guid":{"rendered":"https:\/\/dccg.upc.edu\/topping\/?page_id=60"},"modified":"2022-05-28T11:40:52","modified_gmt":"2022-05-28T11:40:52","slug":"members","status":"publish","type":"page","link":"https:\/\/dccg.upc.edu\/topping\/members\/","title":{"rendered":"Members"},"content":{"rendered":"\n<p>Universidad de Alcal\u00e1 (UAH)<\/p>\n\n\n\n<div class=\"wp-block-columns is-layout-flex wp-container-core-columns-is-layout-9d6595d7 wp-block-columns-is-layout-flex\">\n<div class=\"wp-block-column is-layout-flow wp-block-column-is-layout-flow\">\n<h6 class=\"wp-block-heading\"><a href=\"https:\/\/ordend.web.uah.es\" data-type=\"URL\" data-id=\"https:\/\/ordend.web.uah.es\" target=\"_blank\" rel=\"noreferrer noopener\">David Orden<\/a><\/h6>\n\n\n\n<figure class=\"wp-block-image size-full\"><img loading=\"lazy\" decoding=\"async\" width=\"113\" height=\"150\" src=\"https:\/\/dccg.upc.edu\/topping\/wp-content\/uploads\/2022\/05\/David-1.jpg\" alt=\"\" class=\"wp-image-150\"\/><\/figure>\n<\/div>\n\n\n\n<div class=\"wp-block-column is-layout-flow wp-block-column-is-layout-flow\">\n<h6 class=\"wp-block-heading\"><a href=\"https:\/\/guillermoesteban.web.uah.es\" data-type=\"URL\" data-id=\"https:\/\/guillermoesteban.web.uah.es\" target=\"_blank\" rel=\"noreferrer noopener\">Guillermo Esteban<\/a><\/h6>\n\n\n\n<figure class=\"wp-block-image size-full\"><img loading=\"lazy\" decoding=\"async\" width=\"113\" height=\"150\" src=\"https:\/\/dccg.upc.edu\/topping\/wp-content\/uploads\/2022\/05\/CIMG6380-1.jpg\" alt=\"\" class=\"wp-image-151\"\/><\/figure>\n<\/div>\n\n\n\n<div class=\"wp-block-column is-layout-flow wp-block-column-is-layout-flow\">\n<h6 class=\"wp-block-heading\"><a href=\"https:\/\/www.uah.es\/es\/estudios\/profesor\/Alejandra-Martinez-Moraian\/\" data-type=\"URL\" data-id=\"https:\/\/www.uah.es\/es\/estudios\/profesor\/Alejandra-Martinez-Moraian\/\" target=\"_blank\" rel=\"noreferrer noopener\">Alejandra Mart\u00ednez<\/a><\/h6>\n\n\n\n<figure class=\"wp-block-image size-full\"><img loading=\"lazy\" decoding=\"async\" width=\"113\" height=\"150\" src=\"https:\/\/dccg.upc.edu\/topping\/wp-content\/uploads\/2022\/05\/Alejandra-2-1.jpg\" alt=\"\" class=\"wp-image-156\"\/><\/figure>\n<\/div>\n\n\n\n<div class=\"wp-block-column is-layout-flow wp-block-column-is-layout-flow\">\n<h6 class=\"wp-block-heading\"><a href=\"https:\/\/www.uah.es\/es\/estudios\/profesor\/Marino-Tejedor-Romero\/\" data-type=\"URL\" data-id=\"https:\/\/www.uah.es\/es\/estudios\/profesor\/Marino-Tejedor-Romero\/\" target=\"_blank\" rel=\"noreferrer noopener\">Marino Tejedor<\/a><\/h6>\n\n\n\n<figure class=\"wp-block-image size-full\"><img loading=\"lazy\" decoding=\"async\" width=\"113\" height=\"150\" src=\"https:\/\/dccg.upc.edu\/topping\/wp-content\/uploads\/2022\/05\/Marino-1.jpg\" alt=\"\" class=\"wp-image-153\"\/><\/figure>\n<\/div>\n<\/div>\n\n\n\n<p>Universidad de Almer\u00eda<\/p>\n\n\n\n<div class=\"wp-block-columns is-layout-flex wp-container-core-columns-is-layout-9d6595d7 wp-block-columns-is-layout-flex\">\n<div class=\"wp-block-column is-layout-flow wp-block-column-is-layout-flow\">\n<h6 class=\"wp-block-heading\"><a href=\"http:\/\/brujula.ual.es\/authors\/767.html?pageType=patent&amp;sortBy=journalAsc&amp;title=&amp;yearFrom=&amp;yearUntil=&amp;publicationJournal=\" data-type=\"URL\" data-id=\"http:\/\/brujula.ual.es\/authors\/767.html?pageType=patent&amp;sortBy=journalAsc&amp;title=&amp;yearFrom=&amp;yearUntil=&amp;publicationJournal=\" target=\"_blank\" rel=\"noreferrer noopener\">Mar\u00eda Luz Puertas<\/a><\/h6>\n<\/div>\n<\/div>\n\n\n\n\n\n<p>Universitat Polit\u00e8cnica de Catalunya (UPC)<\/p>\n\n\n\n<div class=\"wp-block-columns is-layout-flex wp-container-core-columns-is-layout-9d6595d7 wp-block-columns-is-layout-flex\">\n<div class=\"wp-block-column is-layout-flow wp-block-column-is-layout-flow\">\n<h6 class=\"wp-block-heading\"><a href=\"https:\/\/futur.upc.edu\/MerceClaverolAguas\" data-type=\"URL\" data-id=\"https:\/\/futur.upc.edu\/MerceClaverolAguas\" target=\"_blank\" rel=\"noreferrer noopener\">Merc\u00e9 Claverol<\/a><br><\/h6>\n\n\n\n<figure class=\"wp-block-image size-full is-resized\"><img loading=\"lazy\" decoding=\"async\" src=\"https:\/\/dccg.upc.edu\/topping\/wp-content\/uploads\/2022\/05\/MerceC.jpg\" alt=\"\" class=\"wp-image-118\" width=\"120\" height=\"150\"\/><\/figure>\n<\/div>\n\n\n\n<div class=\"wp-block-column is-layout-flow wp-block-column-is-layout-flow\">\n<h6 class=\"wp-block-heading\"><a href=\"https:\/\/futur.upc.edu\/MariaDelCarmenHernandoMartin\" data-type=\"URL\" data-id=\"https:\/\/futur.upc.edu\/MariaDelCarmenHernandoMartin\" target=\"_blank\" rel=\"noreferrer noopener\">Carmen Hernando<\/a><br><\/h6>\n\n\n\n<figure class=\"wp-block-image size-full is-resized\"><img loading=\"lazy\" decoding=\"async\" src=\"https:\/\/dccg.upc.edu\/topping\/wp-content\/uploads\/2022\/05\/Carmen.jpg\" alt=\"\" class=\"wp-image-119\" width=\"120\" height=\"150\"\/><\/figure>\n<\/div>\n\n\n\n<div class=\"wp-block-column is-layout-flow wp-block-column-is-layout-flow\">\n<h6 class=\"wp-block-heading\"><a href=\"https:\/\/futur.upc.edu\/ClemensHuemer\" data-type=\"URL\" data-id=\"https:\/\/futur.upc.edu\/ClemensHuemer\" target=\"_blank\" rel=\"noreferrer noopener\">Clemens Huemer<\/a><br><\/h6>\n\n\n\n<figure class=\"wp-block-image size-full is-resized\"><img loading=\"lazy\" decoding=\"async\" src=\"https:\/\/dccg.upc.edu\/topping\/wp-content\/uploads\/2022\/05\/Clemens.jpg\" alt=\"\" class=\"wp-image-120\" width=\"120\" height=\"150\"\/><\/figure>\n<\/div>\n\n\n\n<div class=\"wp-block-column is-layout-flow wp-block-column-is-layout-flow\">\n<h6 class=\"wp-block-heading\"><a href=\"https:\/\/futur.upc.edu\/AntoniLozanoBoixadors\" data-type=\"URL\" data-id=\"https:\/\/futur.upc.edu\/AntoniLozanoBoixadors\" target=\"_blank\" rel=\"noreferrer noopener\">Antoni Lozano<\/a><\/h6>\n\n\n\n<figure class=\"wp-block-image size-full is-resized\"><img loading=\"lazy\" decoding=\"async\" src=\"https:\/\/dccg.upc.edu\/topping\/wp-content\/uploads\/2022\/05\/Antoni.png\" alt=\"\" class=\"wp-image-126\" width=\"150\" height=\"196\"\/><\/figure>\n<\/div>\n<\/div>\n\n\n\n<div class=\"wp-block-columns is-layout-flex wp-container-core-columns-is-layout-9d6595d7 wp-block-columns-is-layout-flex\">\n<div class=\"wp-block-column is-layout-flow wp-block-column-is-layout-flow\">\n<h6 class=\"wp-block-heading\"><a href=\"https:\/\/futur.upc.edu\/MerceMoraGine\" data-type=\"URL\" data-id=\"https:\/\/futur.upc.edu\/MerceMoraGine\" target=\"_blank\" rel=\"noreferrer noopener\">Merc\u00e8 Mora<\/a><\/h6>\n\n\n\n<figure class=\"wp-block-image size-full is-resized\"><img loading=\"lazy\" decoding=\"async\" src=\"https:\/\/dccg.upc.edu\/topping\/wp-content\/uploads\/2022\/05\/MerceMora.jpg\" alt=\"\" class=\"wp-image-121\" width=\"120\" height=\"150\"\/><\/figure>\n<\/div>\n\n\n\n<div class=\"wp-block-column is-layout-flow wp-block-column-is-layout-flow\">\n<h6 class=\"wp-block-heading\"><a href=\"https:\/\/dccg.upc.edu\/people\/vera\/\" data-type=\"URL\" data-id=\"https:\/\/dccg.upc.edu\/people\/vera\/\" target=\"_blank\" rel=\"noreferrer noopener\">Vera Sacrist\u00e1n<\/a><\/h6>\n\n\n\n<figure class=\"wp-block-image size-full is-resized\"><img loading=\"lazy\" decoding=\"async\" src=\"https:\/\/dccg.upc.edu\/topping\/wp-content\/uploads\/2022\/05\/Vera.jpg\" alt=\"\" class=\"wp-image-122\" width=\"124\" height=\"161\"\/><\/figure>\n<\/div>\n\n\n\n<div class=\"wp-block-column is-layout-flow wp-block-column-is-layout-flow\">\n<h6 class=\"wp-block-heading\"><a href=\"https:\/\/web.mat.upc.edu\/carlos.seara\/\" data-type=\"URL\" data-id=\"https:\/\/web.mat.upc.edu\/carlos.seara\/\" target=\"_blank\" rel=\"noreferrer noopener\">Carlos Seara<\/a><\/h6>\n\n\n\n<figure class=\"wp-block-image size-full is-resized\"><img loading=\"lazy\" decoding=\"async\" src=\"https:\/\/dccg.upc.edu\/topping\/wp-content\/uploads\/2022\/05\/Carlos.jpg\" alt=\"\" class=\"wp-image-123\" width=\"120\" height=\"150\"\/><\/figure>\n<\/div>\n\n\n\n<div class=\"wp-block-column is-layout-flow wp-block-column-is-layout-flow\">\n<h6 class=\"wp-block-heading\"><a href=\"https:\/\/dccg.upc.edu\/people\/rodrigo\/\" data-type=\"URL\" data-id=\"https:\/\/dccg.upc.edu\/people\/rodrigo\/\" target=\"_blank\" rel=\"noreferrer noopener\">Rodrigo Silveira<\/a><\/h6>\n\n\n\n<figure class=\"wp-block-image size-full is-resized\"><img loading=\"lazy\" decoding=\"async\" src=\"https:\/\/dccg.upc.edu\/topping\/wp-content\/uploads\/2022\/05\/Rodrigo.jpg\" alt=\"\" class=\"wp-image-124\" width=\"120\" height=\"150\"\/><\/figure>\n<\/div>\n<\/div>\n\n\n\n<p>Universidad de Sevilla (US)<\/p>\n\n\n\n<div class=\"wp-block-columns is-layout-flex wp-container-core-columns-is-layout-9d6595d7 wp-block-columns-is-layout-flex\">\n<div class=\"wp-block-column is-layout-flow wp-block-column-is-layout-flow\">\n<h6 class=\"wp-block-heading\"><a href=\"https:\/\/personal.us.es\/dgarijo\/\" data-type=\"URL\" data-id=\"https:\/\/personal.us.es\/dgarijo\/\" target=\"_blank\" rel=\"noreferrer noopener\">Delia Garijo<\/a><\/h6>\n\n\n<\/div>\n\n\n\n<div class=\"wp-block-column is-layout-flow wp-block-column-is-layout-flow\">\n<h6 class=\"wp-block-heading\"><a href=\"https:\/\/personal.us.es\/almar\/\" data-type=\"URL\" data-id=\"https:\/\/personal.us.es\/almar\/\" target=\"_blank\" rel=\"noreferrer noopener\">Alberto M\u00e1rquez<\/a><\/h6>\n\n\n<\/div>\n<\/div>\n\n\n\n<p>Universidad de Valladolid (UVa)<\/p>\n\n\n\n<div class=\"wp-block-group\"><div class=\"wp-block-group__inner-container is-layout-flow wp-block-group-is-layout-flow\">\n<h6 class=\"wp-block-heading\"><a href=\"https:\/\/investigacion.uva.es\/CawDOS\/\/jsf\/seleccionActividades\/seleccionActividades.jsf?id=afdc2f949af15b86&amp;idioma=es&amp;tipo=activ,&amp;elmeucv=N\" data-type=\"URL\" data-id=\"https:\/\/investigacion.uva.es\/CawDOS\/\/jsf\/seleccionActividades\/seleccionActividades.jsf?id=afdc2f949af15b86&amp;idioma=es&amp;tipo=activ,&amp;elmeucv=N\" target=\"_blank\" rel=\"noreferrer noopener\">Encarnaci\u00f3n Fern\u00e1ndez<\/a><\/h6>\n<\/div><\/div>\n\n\n\n\n\n<p>Universidad de Zaragoza (UniZar)<\/p>\n\n\n\n<div class=\"wp-block-group\"><div class=\"wp-block-group__inner-container is-layout-flow wp-block-group-is-layout-flow\">\n<h6 class=\"wp-block-heading\"><a href=\"https:\/\/iuma.unizar.es\/es\/personal\/tejel-altarriba-javier\" data-type=\"URL\" data-id=\"https:\/\/iuma.unizar.es\/es\/personal\/tejel-altarriba-javier\" target=\"_blank\" rel=\"noreferrer noopener\">Javier Tejel<\/a><\/h6>\n<\/div><\/div>\n\n\n","protected":false},"excerpt":{"rendered":"<p>Universidad de Alcal\u00e1 (UAH) David Orden Guillermo Esteban Alejandra Mart\u00ednez Marino Tejedor Universidad de Almer\u00eda Mar\u00eda Luz Puertas Universitat Polit\u00e8cnica de Catalunya (UPC) Merc\u00e9 Claverol Carmen Hernando Clemens Huemer Antoni Lozano Merc\u00e8 Mora Vera Sacrist\u00e1n Carlos Seara Rodrigo Silveira Universidad de Sevilla (US) Delia Garijo Alberto M\u00e1rquez Universidad de Valladolid (UVa) Encarnaci\u00f3n Fern\u00e1ndez Universidad de [&hellip;]<\/p>\n","protected":false},"author":1,"featured_media":0,"parent":0,"menu_order":0,"comment_status":"closed","ping_status":"closed","template":"templates\/template-full-width.php","meta":{"footnotes":""},"class_list":["post-60","page","type-page","status-publish","hentry"],"_links":{"self":[{"href":"https:\/\/dccg.upc.edu\/topping\/wp-json\/wp\/v2\/pages\/60","targetHints":{"allow":["GET"]}}],"collection":[{"href":"https:\/\/dccg.upc.edu\/topping\/wp-json\/wp\/v2\/pages"}],"about":[{"href":"https:\/\/dccg.upc.edu\/topping\/wp-json\/wp\/v2\/types\/page"}],"author":[{"embeddable":true,"href":"https:\/\/dccg.upc.edu\/topping\/wp-json\/wp\/v2\/users\/1"}],"replies":[{"embeddable":true,"href":"https:\/\/dccg.upc.edu\/topping\/wp-json\/wp\/v2\/comments?post=60"}],"version-history":[{"count":30,"href":"https:\/\/dccg.upc.edu\/topping\/wp-json\/wp\/v2\/pages\/60\/revisions"}],"predecessor-version":[{"id":160,"href":"https:\/\/dccg.upc.edu\/topping\/wp-json\/wp\/v2\/pages\/60\/revisions\/160"}],"wp:attachment":[{"href":"https:\/\/dccg.upc.edu\/topping\/wp-json\/wp\/v2\/media?parent=60"}],"curies":[{"name":"wp","href":"https:\/\/api.w.org\/{rel}","templated":true}]}}