{"id":43,"date":"2012-03-31T17:27:13","date_gmt":"2012-03-31T16:27:13","guid":{"rendered":"http:\/\/llati.upc.es\/verablog\/?page_id=43"},"modified":"2016-07-10T19:50:14","modified_gmt":"2016-07-10T18:50:14","slug":"pub","status":"publish","type":"page","link":"https:\/\/dccg.upc.edu\/people\/vera\/teaching\/pub\/","title":{"rendered":"Teaching publications"},"content":{"rendered":"<hr noshade=\"noshade\" width=\"100%\" \/>\n<p>V. Sacrist\u00e1n<br \/>\n<strong>Teaching material for the seminar <em>Geometric Algorithms<\/em><\/strong>.<br \/>\n<em>Abstract: <\/em>All the material (my presentations, as well as detailed references for the presentation subjects chosen by my students) for the seminar.<br \/>\nClick <a href=\"https:\/\/dccg.upc.edu\/people\/vera\/teaching\/courses\/geometric-algorithms\/\">here<\/a> to get to the web page of the seminar (in English).<\/p>\n<hr noshade=\"noshade\" width=\"100%\" \/>\n<p>V. Sacrist\u00e1n<br \/>\n<strong>Teaching material for the course <em>Geometric Tools for Computer Graphics<\/em><\/strong>.<br \/>\n<em>Abstract: <\/em>All the material (presentations, exercices, homework assignments, etc.) for the course.<br \/>\nClick <a href=\"https:\/\/dccg.upc.edu\/people\/vera\/teaching\/courses\/geometric-tools-for-computer-graphics\/\">here<\/a> to get to the page of the course (in English).<\/p>\n<hr noshade=\"noshade\" width=\"100%\" \/>\n<p>V. Sacrist\u00e1n<br \/>\n<strong>Teaching material for the course <em>Computational Geometry<\/em><\/strong>.<br \/>\n<em>Abstract: <\/em>All the material (presentations, exercices, homework assignments, etc.) for the course.<br \/>\nClick <a href=\"https:\/\/dccg.upc.edu\/people\/vera\/teaching\/courses\/computational-geometry\/\">here<\/a> to get to the page of the course (in English).<\/p>\n<hr noshade=\"noshade\" width=\"100%\" \/>\n<p>V. Sacrist\u00e1n<br \/>\n<strong>Teaching material for the course <em>Discrete and Algorithmic Geometry<\/em><\/strong>.<br \/>\n<em>Abstract: <\/em>Material (presentations, exercices, homework assignments, etc.) for the course.<br \/>\nClick <a href=\"https:\/\/dccg.upc.edu\/people\/vera\/teaching\/courses\/discrete-and-algorithmic-geometry\/\">here<\/a> to get to the page of the course (in English).<\/p>\n<hr noshade=\"noshade\" width=\"100%\" \/>\n<p>V. Sacrist\u00e1n<br \/>\n<strong>Teaching material for the course <em>Mathematical Methods for Statistics and Operations Research<\/em><\/strong>.<br \/>\n<em>Abstract:<\/em> All the material (text with exercices) for the course.<br \/>\nClick <a href=\"https:\/\/dccg.upc.edu\/people\/vera\/teaching\/courses\/matematiques-mesio\/\">here<\/a> to get to the page of the course (in Catalan).<\/p>\n<hr noshade=\"noshade\" width=\"100%\" \/>\n<p>V. Sacrist\u00e1n<br \/>\n<strong>Teaching material for the course <em>Geometric Tools for Computer Graphics and CAD<\/em><\/strong>.<br \/>\n<em>Abstract:<\/em> All the material additional to the textbook (exercices, exams, etc.) for the course.<br \/>\nClick <a href=\"https:\/\/mat-web.upc.edu\/fib\/geometriacomputacional\/vella_GEOC\/\">here<\/a> to get to the page of the course (in Catalan). (This course is not active any more)<\/p>\n<hr noshade=\"noshade\" width=\"100%\" \/>\n<p>T. Tic\u00f3<br \/>\n<strong>Passeig Matem\u00e0tic per Catalunya<\/strong>. Pag\u00e8s Ed., Lleida, 2004.<br \/>\n<em>Abstract:<\/em> I acted as supervisor of this nice work of Teresa Tic\u00f3, who is a high school maths teacher. In this work she proposes mathematical activities for high school students related to architecture, urbanism, historical and artistic objects, that can be visited during the usual school excursions and visits all around Catalunya (in Catalan).<br \/>\nClick <a href=\"http:\/\/www.pageseditors.cat\/CAT\/llibre_milenio2.asp?id=11&amp;id_llibre=690\">here<\/a> to get to the publisher&#8217;s page of the book.<\/p>\n<hr noshade=\"noshade\" width=\"100%\" \/>\n<p>V. Sacrist\u00e1n<br \/>\n<strong>Informatizar las matem\u00e1ticas, matematizar la inform\u00e1tica (una propuesta docente)<\/strong><br \/>\nTechnical Report, Universitat Polit\u00e8cnica de Catalunya, Departament de Matem\u00e0tica Aplicada II, 1999. MA-IR-99-0006.<br \/>\n<em>Abstract:<\/em> A survey about the relationship between Mathematics and Computer Science, and how this relationship affects the curricula of both sciences. Specially focusing on the situation in the UPC (in Spanish).<br \/>\nClick <a href=\"https:\/\/dccg.upc.edu\/people\/vera\/wp-content\/uploads\/2012\/03\/rep.pdf\">here<\/a> to get a pdf version.<\/p>\n<hr noshade=\"noshade\" width=\"100%\" \/>\n<p>J. Trias and V. Sacrist\u00e1n<br \/>\n<strong>A Geometry Lab with Mathematica<\/strong>. In <em>Mathematica in Education and Research<\/em>, Vol.4, N.2, pp.23-30, 1995. Renewed Abstract in <em>Les tecnologies de la informaci\u00f3 i la comunicaci\u00f3 a l&#8217;educaci\u00f3 a la UPC<\/em>, pp. 55-55, 1999. Renewed version, with new co-authors, in <em>Experi\u00e8ncies de millora de la qualitat docent a la UPC<\/em>, pp. 25-40, 1997.<br \/>\n<em>Abstract: <\/em>An experience of a Geometry Lab based on <em>Mathematica<\/em> for a Geometry course for Computer Science students, intended to be a basis for later courses in Computer Graphics, CAD and CAGD. Students combine their knowledge of basic geometry topics like polyhedra, curve and surface generation, affine and perspective transformations, among others, by means of lists manipulations and a clever use of substitution rules to generate apparently complicated geometric scenes.<br \/>\nClick <a href=\"https:\/\/dccg.upc.edu\/people\/vera\/wp-content\/uploads\/2012\/03\/mie2.pdf\">here<\/a> to get a pdf version.<\/p>\n<hr noshade=\"noshade\" width=\"100%\" \/>\n<p>V. Sacrist\u00e1n (ed.)<br \/>\n<strong>Manuel Sacrist\u00e1n, L\u00f3gica Elemental<\/strong>. Ed. Vicens Vives, 1996.<br \/>\nAbstract: edition of an unpublished work of my father.<\/p>\n<hr noshade=\"noshade\" width=\"100%\" \/>\n<p>A. Aviny\u00f3, R. Elgueta, M. Maureso, M. P\u00e9rez-Casany, A. Rio and V. Sacrist\u00e1n<br \/>\n<strong>An\u00e0lisi Matem\u00e0tica. Problemes resolts i pr\u00e0ctiques amb ordinador<\/strong>. McGraw-Hill, 1993. ISBN 84-481-0175-8.<br \/>\n<em>Abstract: <\/em>A book that puts together two kinds of activities for a 1-variable real analysis course: solved (non trivial) problems and programming projects. It is the fruit of an experience in the UPC that took place years ago (in Catalan).<\/p>\n<hr noshade=\"noshade\" width=\"100%\" \/>\n<p>V. Sacrist\u00e1n (translator)<br \/>\n<strong>Ian Anderson, Introducci\u00f3n a la Combinatoria<\/strong>. Ed. Vicens Vives, 1993. ISBN 84-316-3280-1.<br \/>\n<em>Abstract:<\/em> Spanish translation of a classic textbook on Combinatorics.<\/p>\n<hr noshade=\"noshade\" width=\"100%\" \/>\n<p>V. Sacrist\u00e1n (translator)<br \/>\n<strong>N. Parmingeat, D. Glaude, \u00c1lgebra de Boole: teoria, m\u00e9todos de c\u00e1lculo, aplicaciones<\/strong>. Ed. Vicens Vives, 1993.<br \/>\n<em>Abstract:<\/em> Spanish translation of a classic textbook on Boolean algebra.<\/p>\n<hr noshade=\"noshade\" width=\"100%\" \/>\n<p>V. Sacrist\u00e1n<br \/>\n<strong>Geometria per a Sistemes Multim\u00e8dia<\/strong><br \/>\n<em>Abstract:<\/em> The notes and problems for the <em>Geometry for Multimedia<\/em> course (in Catalan).<br \/>\nClick <a href=\"https:\/\/dccg.upc.edu\/people\/vera\/wp-content\/uploads\/2012\/03\/apuntsMultimedia.pdf\">here<\/a> to get a pdf version.<\/p>\n<hr noshade=\"noshade\" width=\"100%\" \/>\n<p>V. Sacrist\u00e1n. <strong>Apunts de Pre-\u00c0lgebra<\/strong><br \/>\n<em>Abstract:<\/em> The notes and problems for the <em>Preparatory Algebra<\/em> course (in Catalan).<br \/>\nClick <a href=\"https:\/\/dccg.upc.edu\/people\/vera\/wp-content\/uploads\/2012\/03\/prealg.pdf\">here<\/a> to get a pdf version.<\/p>\n","protected":false},"excerpt":{"rendered":"<p>V. Sacrist\u00e1n Teaching material for the seminar Geometric Algorithms. Abstract: All the material (my presentations, as well as detailed references for the presentation subjects chosen by my students) for the seminar. Click here to get to the web page of the seminar (in English). V. Sacrist\u00e1n Teaching material for the course Geometric Tools for Computer&#8230;<\/p>\n","protected":false},"author":1,"featured_media":0,"parent":7,"menu_order":4,"comment_status":"closed","ping_status":"closed","template":"","meta":{"footnotes":""},"class_list":["post-43","page","type-page","status-publish","hentry"],"_links":{"self":[{"href":"https:\/\/dccg.upc.edu\/people\/vera\/wp-json\/wp\/v2\/pages\/43","targetHints":{"allow":["GET"]}}],"collection":[{"href":"https:\/\/dccg.upc.edu\/people\/vera\/wp-json\/wp\/v2\/pages"}],"about":[{"href":"https:\/\/dccg.upc.edu\/people\/vera\/wp-json\/wp\/v2\/types\/page"}],"author":[{"embeddable":true,"href":"https:\/\/dccg.upc.edu\/people\/vera\/wp-json\/wp\/v2\/users\/1"}],"replies":[{"embeddable":true,"href":"https:\/\/dccg.upc.edu\/people\/vera\/wp-json\/wp\/v2\/comments?post=43"}],"version-history":[{"count":15,"href":"https:\/\/dccg.upc.edu\/people\/vera\/wp-json\/wp\/v2\/pages\/43\/revisions"}],"predecessor-version":[{"id":1319,"href":"https:\/\/dccg.upc.edu\/people\/vera\/wp-json\/wp\/v2\/pages\/43\/revisions\/1319"}],"up":[{"embeddable":true,"href":"https:\/\/dccg.upc.edu\/people\/vera\/wp-json\/wp\/v2\/pages\/7"}],"wp:attachment":[{"href":"https:\/\/dccg.upc.edu\/people\/vera\/wp-json\/wp\/v2\/media?parent=43"}],"curies":[{"name":"wp","href":"https:\/\/api.w.org\/{rel}","templated":true}]}}