{"id":39,"date":"2012-03-31T17:23:41","date_gmt":"2012-03-31T16:23:41","guid":{"rendered":"http:\/\/llati.upc.es\/verablog\/?page_id=39"},"modified":"2020-08-31T10:22:07","modified_gmt":"2020-08-31T09:22:07","slug":"tfm-tfg","status":"publish","type":"page","link":"https:\/\/dccg.upc.edu\/people\/vera\/teaching\/tfm-tfg\/","title":{"rendered":"Master and degree thesis \/ TFM i TFG"},"content":{"rendered":"<p><strong>Oferta<\/strong><br \/>\nDiversos membres del <em>Grup de Recerca en Gemetria Computacional, Combinat\u00f2ria i Discreta<\/em> (DCCG) estan oberts a dirigir tesis de grau o de m\u00e0ster sobre diversos temes dins l&#8217;\u00e0mbit dels algorismes geom\u00e8trics.<\/p>\n<p>Podeu veure <a href=\"https:\/\/dccg.upc.edu\/\" target=\"_blank\" rel=\"noopener noreferrer\">aqu\u00ed<\/a> quins s\u00f3n els \u00e0mbits d&#8217;expertesa del Grup DCCG. Si no us atrauen aquests temes en concret, per\u00f2 voleu treballar en geometria computacional, no dubteu a contactar el grup igualment.<\/p>\n<p><strong>Relaci\u00f3 de treballs dirigits<\/strong><\/p>\n<ul>\n<li>Applet de algoritmos geom\u00e9tricos, per Carlos Bayona Peinado, TFG d&#8217;Enginyeria Inform\u00e1tica (Computaci\u00f3), 2020.<\/li>\n<li><a href=\"https:\/\/upcommons.upc.edu\/handle\/2117\/166428\">Distributed locomotion of 2-D lattice-based modular robotic systems<\/a>, per Xavier Salvador Nomen, TFG en Matem\u00e0tiques, 2019.<\/li>\n<li><a href=\"https:\/\/upcommons.upc.edu\/handle\/2117\/169203\" target=\"_blank\" rel=\"noopener noreferrer\">In-place reconfiguration of lattice-based modular robots<\/a>, per Joel Moreno V\u00e1zquez, TFG d&#8217;Enginyeria Inform\u00e1tica (Computaci\u00f3), 2019.<\/li>\n<li><a href=\"https:\/\/dccg.upc.edu\/people\/vera\/TFM-TFG\/TFG-DanielOtero.pdf\">Distributed locomotion strategies for square lattice-based modular robots<\/a>, per Daniel Otero, TFG d&#8217;Enginyeria Inform\u00e1tica (Computaci\u00f3), 2016.<\/li>\n<li><a href=\"http:\/\/hdl.handle.net\/2117\/77019\" target=\"_blank\" rel=\"noopener noreferrer\">Generaci\u00f3n de mapas de senderismo a partir de trayectorias GPS<\/a>, per Enle Lin, TFG en Matem\u00e0tiques, 2015.<\/li>\n<li><a href=\"https:\/\/dccg.upc.edu\/people\/vera\/TFM-TFG\/Memoria_TFM_Irene.pdf\">Systematic strategies for 3-dimensional modular robots<\/a>, per Irene M. de Parada, TFM en Matem\u00e0tica Avan\u00e7ada i Enginyeria Matem\u00e0tica, 2015.<\/li>\n<li><a href=\"http:\/\/upcommons.upc.edu\/handle\/2099.1\/26481\" target=\"_blank\" rel=\"noopener noreferrer\">An\u00e0lisi d&#8217;algorismes en el tra\u00e7at de rutes de senderisme a partir de dades GPS<\/a>, per David Duran Rosich, TFG d&#8217;Enginyeria Inform\u00e1tica (Computaci\u00f3), 2015.<\/li>\n<li><a href=\"http:\/\/upcommons.upc.edu\/handle\/2099.1\/25782\" target=\"_blank\" rel=\"noopener noreferrer\">Reconfiguraci\u00f3n distribuida de robots cristalinos<\/a>, per Manuel Perera Paquico, PFC d&#8217;Enginyeria Inform\u00e0tica, 2015.<\/li>\n<li><a href=\"https:\/\/dccg.upc.edu\/people\/vera\/wp-content\/uploads\/2012\/03\/Memoria-Lorena_Lusso.pdf\">Locomotion of self-organizing robots<\/a>, per Lorena Lusso, TFM en Matem\u00e0tica Avan\u00e7ada i Enginyeria Matem\u00e0tica, 2013.<\/li>\n<li><a href=\"https:\/\/dccg.upc.edu\/people\/vera\/wp-content\/uploads\/2012\/03\/TFG-SergioOrdonez.pdf\">Simulaci\u00f3 d&#8217;algorismes distribu\u00efts per a sistemes rob\u00f2tics modulars en reticles hexagonals<\/a>, per Sergio Ord\u00f3\u00f1ez P\u00e9rez, TFG en Matem\u00e0tiques, 2013.<\/li>\n<li><a href=\"https:\/\/dccg.upc.edu\/people\/vera\/wp-content\/uploads\/2012\/03\/TFG-JoanSoler.pdf\">Reconfiguraci\u00f3 de robots cristal\u00b7lins<\/a>, per Joan Soler Pascual, TFG en Matem\u00e0tiques, 2013.<\/li>\n<li><a href=\"http:\/\/upcommons.upc.edu\/pfc\/handle\/2099.1\/16882\" target=\"_blank\" rel=\"noopener noreferrer\">Simulaci\u00f3 de l&#8217;actuaci\u00f3 distribu\u00efda de robots modulars<\/a>, per Oscar Rodr\u00edguez Pesta\u00f1a, PFC d&#8217;Enginyeria T\u00e8cnica en Inform\u00e0tica de Gesti\u00f3, 2013.<\/li>\n<li><a href=\"http:\/\/upcommons.upc.edu\/pfc\/handle\/2099.1\/16487\" target=\"_blank\" rel=\"noopener noreferrer\">Self reconfiguration of hexagonal lattice-based modular robotic systems<\/a>, per Enrique Molina Saraz\u00e0, TFM en Matem\u00e0tica Avan\u00e7ada i Enginyeria Matem\u00e0tica, 2012.<\/li>\n<li><a href=\"http:\/\/upcommons.upc.edu\/pfc\/handle\/2099.1\/12391\" target=\"_blank\" rel=\"noopener noreferrer\">Reconfiguraci\u00f3 de robots modulars<\/a>, per Merc\u00e8 Busquets Fabra, PFC d&#8217;Enginyeria Inform\u00e0tica, 2011.<\/li>\n<li><a href=\"https:\/\/dccg.upc.edu\/people\/vera\/TFM-TFG\/RegMeas\/\" target=\"_blank\" rel=\"noopener noreferrer\">Mesures de regularitat per a pol\u00edgons convexos<\/a>, per Ramon Chalmeta Ugas, PFC d&#8217;Enginyeria Inform\u00e0tica, 2010.<\/li>\n<li><a href=\"https:\/\/dccg.upc.edu\/people\/vera\/TFM-TFG\/DVALon\/\" target=\"_blank\" rel=\"noopener noreferrer\">Diagramas de Voronoi de alcance limitado<\/a>, per Jos\u00e9 Luis Moreno Dur\u00e1n i Sergio Ord\u00f3\u00f1ez P\u00e9rez, PFC d&#8217;Enginyeria Inform\u00e0tica, 2009.<\/li>\n<li><a href=\"https:\/\/upcommons.upc.edu\/handle\/2099.1\/4735\">Mesures de regularitat per a pol\u00edgons convexos<\/a>, per Maria Saumell Mendiola, codirigida amb Ferran Hurtado D\u00edaz, TFM en Matem\u00e0tica Aplicada, 2008.<\/li>\n<li><a href=\"http:\/\/cataleg.upc.edu\/record=b1212158&amp;searchscope=0\" target=\"_blank\" rel=\"noopener noreferrer\">Transformaci\u00f3 autom\u00e0tica de cartografia digital<\/a>, per Xavier G\u00f3ngoca Mart\u00edn, PFC d&#8217;Enginyeria Inform\u00e0tica, 2002.<\/li>\n<li><a href=\"http:\/\/cataleg.upc.edu\/record=b1206021&amp;searchscope=0\" target=\"_blank\" rel=\"noopener noreferrer\">Algorismes geom\u00e8trics aplicats al disseny gr\u00e0fic<\/a>, per Josep Llu\u00eds Guerra Higuero, PFC d&#8217;Enginyeria Inform\u00e0tica, 2001.<\/li>\n<li><a href=\"http:\/\/cataleg.upc.edu\/record=b1206044&amp;searchscope=0\" target=\"_blank\" rel=\"noopener noreferrer\">Algorismes geom\u00e8trics per a pol\u00edgons impl\u00edcitament definits per restriccions lineals<\/a>, per Valent\u00ed Boira Plans, PFC d&#8217;Enginyeria Inform\u00e0tica, 2000.<\/li>\n<li><a href=\"http:\/\/cataleg.upc.edu\/record=b1167766~S7\" target=\"_blank\" rel=\"noopener noreferrer\">Dise\u00f1o e implementaci\u00f3n de un sistema de informaci\u00f3n universitaria sindical<\/a>, per \u00d3scar Zamora Bueno, PFC d&#8217;Enginyeria Inform\u00e0tica, 2000.<\/li>\n<li><a href=\"http:\/\/cataleg.upc.edu\/record=b1152921&amp;searchscope=0\" target=\"_blank\" rel=\"noopener noreferrer\">Localitzaci\u00f3 geom\u00e8trica de serveis amb restriccions<\/a>, per Ricardo Sierra Rebull, PFC d&#8217;Enginyeria Inform\u00e0tica, 1999.<\/li>\n<li><a href=\"http:\/\/cataleg.upc.edu\/record=b1228504&amp;searchscope=0\" target=\"_blank\" rel=\"noopener noreferrer\">Sistemas informatizados de generaci\u00f3n de perspectivas sobre superficies, per Bel\u00e9n Palop del Rio, codirigida amb Joan trias Pair\u00f3, PFC d&#8217;Enginyeria Inform\u00e0tica, 1996.<\/a><\/li>\n<\/ul>\n","protected":false},"excerpt":{"rendered":"<p>Oferta Diversos membres del Grup de Recerca en Gemetria Computacional, Combinat\u00f2ria i Discreta (DCCG) estan oberts a dirigir tesis de grau o de m\u00e0ster sobre diversos temes dins l&#8217;\u00e0mbit dels algorismes geom\u00e8trics. Podeu veure aqu\u00ed quins s\u00f3n els \u00e0mbits d&#8217;expertesa del Grup DCCG. Si no us atrauen aquests temes en concret, per\u00f2 voleu treballar en&#8230;<\/p>\n","protected":false},"author":1,"featured_media":0,"parent":7,"menu_order":2,"comment_status":"closed","ping_status":"closed","template":"","meta":{"footnotes":""},"class_list":["post-39","page","type-page","status-publish","hentry"],"_links":{"self":[{"href":"https:\/\/dccg.upc.edu\/people\/vera\/wp-json\/wp\/v2\/pages\/39","targetHints":{"allow":["GET"]}}],"collection":[{"href":"https:\/\/dccg.upc.edu\/people\/vera\/wp-json\/wp\/v2\/pages"}],"about":[{"href":"https:\/\/dccg.upc.edu\/people\/vera\/wp-json\/wp\/v2\/types\/page"}],"author":[{"embeddable":true,"href":"https:\/\/dccg.upc.edu\/people\/vera\/wp-json\/wp\/v2\/users\/1"}],"replies":[{"embeddable":true,"href":"https:\/\/dccg.upc.edu\/people\/vera\/wp-json\/wp\/v2\/comments?post=39"}],"version-history":[{"count":35,"href":"https:\/\/dccg.upc.edu\/people\/vera\/wp-json\/wp\/v2\/pages\/39\/revisions"}],"predecessor-version":[{"id":1793,"href":"https:\/\/dccg.upc.edu\/people\/vera\/wp-json\/wp\/v2\/pages\/39\/revisions\/1793"}],"up":[{"embeddable":true,"href":"https:\/\/dccg.upc.edu\/people\/vera\/wp-json\/wp\/v2\/pages\/7"}],"wp:attachment":[{"href":"https:\/\/dccg.upc.edu\/people\/vera\/wp-json\/wp\/v2\/media?parent=39"}],"curies":[{"name":"wp","href":"https:\/\/api.w.org\/{rel}","templated":true}]}}