{"id":68,"date":"2015-08-31T16:03:37","date_gmt":"2015-08-31T16:03:37","guid":{"rendered":"http:\/\/www-ma2.upc.edu\/rsilveira\/?page_id=68"},"modified":"2024-06-12T15:20:48","modified_gmt":"2024-06-12T15:20:48","slug":"teaching","status":"publish","type":"page","link":"https:\/\/dccg.upc.edu\/people\/rodrigo\/teaching\/","title":{"rendered":"Teaching"},"content":{"rendered":"<p>In the <strong>2024\/2025<\/strong>\u00a0academic year I will be teaching (part of) the following courses:<\/p>\n<ul>\n<li><a href=\"https:\/\/www.fib.upc.edu\/en\/studies\/masters\/master-innovation-and-research-informatics\/curriculum\/syllabus\/GTCG-MIRI\">Geometric tools for computer graphics<\/a> (<strong>GTCG<\/strong>), Master in Informatics Engineering (MIRI), Facultat d&#8217;Inform\u00e0tica de Barcelona.<\/li>\n<li><a href=\"https:\/\/dccg.upc.edu\/courses-geoc\">Computational geometry<\/a> (<strong>GEOC<\/strong>), Bachelor Degree in Informatics Engineering (GEI), Facultat d&#8217;Inform\u00e0tica de Barcelona.<\/li>\n<li><a href=\"https:\/\/dccg.upc.edu\/courses-dag\">Discrete and algorithmic geometry<\/a> (<strong>DAG<\/strong>), Master in Advanced Mathematics and Mathematical Engineering (MAMME), Facultat de Matem\u00e0tiques i Estad\u00edstica.<\/li>\n<li><a href=\"https:\/\/mat-web.upc.edu\/fib\/dsige\">Software foundations for geographic information systems<\/a> (<strong>DSIGE<\/strong>), Master in Informatics Engineering (MEI), Facultat d&#8217;Inform\u00e0tica de Barcelona.<\/li>\n<li><a href=\"http:\/\/www.fib.upc.edu\/en\/estudiar-enginyeria-informatica\/assignatures.html?assig=DCS\">Curve and surface design<\/a>\u00a0(<strong>DCS<\/strong>), Bachelor Degree in Informatics Engineering (GEI), Facultat d&#8217;Inform\u00e0tica de Barcelona.<\/li>\n<li><a href=\"https:\/\/web.mat.upc.edu\/fib\/matematiques1\/\">Mathematics 1<\/a> (<strong>M1<\/strong>), Bachelor Degree in Informatics Engineering (GEI), Facultat d&#8217;Inform\u00e0tica de Barcelona.<\/li>\n<\/ul>\n<p>Other courses in which I have\u00a0taught recently:<\/p>\n<ul>\n<li><a href=\"http:\/\/www.fib.upc.edu\/en\/estudiar-enginyeria-informatica\/assignatures.html?assig=FM\">Mathematical foundations<\/a> (<strong>FM<\/strong>), Bachelor Degree in Informatics Engineering (GEI), Facultat d&#8217;Inform\u00e0tica de Barcelona.<\/li>\n<li><a href=\"http:\/\/www.dc.uba.ar\/events\/eci\/2010\/cursos\/silveira\">Geometric algorithms for\u00a0geographic information systems<\/a>. Winter school course part of ECI 2010, Universidad de Buenos Aires, Argentina.<\/li>\n<\/ul>\n<h4>Supervision of BSc and MSc projects<\/h4>\n<ul>\n<li><a href=\"http:\/\/hdl.handle.net\/2117\/407333\"><em>Terrain-based analysis of hiking GPS trajectories<\/em><\/a>. Pau Caelles. BSc thesis (Informatics degree, co-supervised with F. Klute), 2024.<\/li>\n<li><a href=\"http:\/\/hdl.handle.net\/2117\/407979\"><em>C\u00e0lcul de shortcuts \u00f2ptims en xarxes geom\u00e8triques<\/em><\/a>. V\u00edctor Pla. BSc thesis (Informatics degree, co-supevised with I. Parada), 2024.<\/li>\n<li><a href=\"http:\/\/hdl.handle.net\/2117\/373141\"><em>Automatic artifact detection in GPS generated maps<\/em><\/a>. Sergi Curto. BSc thesis (Informatics degree), 2022.<\/li>\n<li><a href=\"http:\/\/hdl.handle.net\/2117\/368689\"><em>Evaluaci\u00f3n experimental de m\u00e9tricas para comparar mapas<\/em><\/a>. Fernando Marimon. BSc thesis (Informatics degree), 2022.<\/li>\n<li><a href=\"http:\/\/hdl.handle.net\/2117\/367980\"><em>Computing optimal shortcuts for networks<\/em><\/a>. Daniel Donate. BSc thesis (Informatics degree), 2022.<\/li>\n<li><em>Balanced partitions of geometric graphs<\/em>. Andrei Mihalache. BSc thesis (Informatics degree), 2022.<\/li>\n<li><em>Revisiting Graph Sampling for map comparison.<\/em> Jordi Aguilar. BSc thesis (Data Science degree), 2021.<\/li>\n<li><em>Efficient implementation of a map construction algorithm.<\/em> V\u00edctor Luque. BSc thesis (Informatics degree), 2021.<\/li>\n<li><a href=\"https:\/\/upcommons.upc.edu\/handle\/2117\/171329\">Optimal coordinated motions for two square robots. <\/a>V\u00edctor Ruiz. MSc thesis (MAMME), 2019. Supervisors: Rodrigo Silveira and Vera Sacrist\u00e1n.<\/li>\n<li><a href=\"https:\/\/upcommons.upc.edu\/handle\/2117\/119372?locale-attribute=en\"><em>Production matrices and enumeration of geometric graphs<\/em><\/a>.\u00a0Guillermo Esteban. MSc thesis (MAMME, co-directed with C. Huemer), 2018.<\/li>\n<li><em>Geomasking: analysis and comparison of algorithms for perturbed point sets<\/em>.\u00a0 Ra\u00fal G\u00f3mez.\u00a0BSc thesis (Informatics degree),\u00a02018.<\/li>\n<li><em>Compatible Hamiltonian paths and cycles<\/em>. Oriol\u00a0Porta. BSc thesis (Mathematics degree),\u00a02017.<\/li>\n<li><a href=\"https:\/\/pure.tue.nl\/ws\/files\/46999649\/784874-1.pdf\"><em>Dynamic real-time collision detection for packaging robots<\/em><\/a>.\u00a0Ronald van Zon. MSc thesis (TU Eindhoven, co-directed with K. Buchin), 2015.<\/li>\n<li><em>Hiking map construction based on GPS trajectories<\/em>. Enle Lin.\u00a0BSc thesis (Mathematics degree, co-directed with V. Sacrist\u00e1n),\u00a02015.<\/li>\n<li><em>Analysis of algorithms for hiking trajectories based on GPS data<\/em>. David Dur\u00e1n.\u00a0BSc thesis (Informatics degree, co-directed with V. Sacrist\u00e1n),\u00a02015.<\/li>\n<li><em>Higher-order Delaunay triangulations in practice<\/em>. Matias Reparaz and Natalia Rodr\u00edguez. Licenciatura (equiv. MSc) thesis (Computer Science Dept., Universidad de Buenos Aires), 2014.<\/li>\n<li><em>Development of a QGIS plugin to simplify geometries with constraints<\/em>. Albert Ferras. BSc thesis (Informatics degree),\u00a02013.<\/li>\n<li><em>Extraction of maps from hiking GPS trajectories<\/em>. Oriol Porta.\u00a0BSc thesis (Informatics degree),\u00a02013.<\/li>\n<\/ul>\n","protected":false},"excerpt":{"rendered":"<p>In the 2024\/2025\u00a0academic year I will be teaching (part of) the following courses: Geometric tools for computer graphics (GTCG), Master in Informatics Engineering (MIRI), Facultat d&#8217;Inform\u00e0tica de Barcelona. Computational geometry (GEOC), Bachelor Degree in Informatics Engineering (GEI), Facultat d&#8217;Inform\u00e0tica de Barcelona. Discrete and algorithmic geometry (DAG), Master in Advanced Mathematics and Mathematical Engineering (MAMME), Facultat [&hellip;]<\/p>\n","protected":false},"author":2,"featured_media":0,"parent":0,"menu_order":0,"comment_status":"closed","ping_status":"closed","template":"","meta":{"footnotes":""},"class_list":["post-68","page","type-page","status-publish","hentry"],"_links":{"self":[{"href":"https:\/\/dccg.upc.edu\/people\/rodrigo\/wp-json\/wp\/v2\/pages\/68","targetHints":{"allow":["GET"]}}],"collection":[{"href":"https:\/\/dccg.upc.edu\/people\/rodrigo\/wp-json\/wp\/v2\/pages"}],"about":[{"href":"https:\/\/dccg.upc.edu\/people\/rodrigo\/wp-json\/wp\/v2\/types\/page"}],"author":[{"embeddable":true,"href":"https:\/\/dccg.upc.edu\/people\/rodrigo\/wp-json\/wp\/v2\/users\/2"}],"replies":[{"embeddable":true,"href":"https:\/\/dccg.upc.edu\/people\/rodrigo\/wp-json\/wp\/v2\/comments?post=68"}],"version-history":[{"count":21,"href":"https:\/\/dccg.upc.edu\/people\/rodrigo\/wp-json\/wp\/v2\/pages\/68\/revisions"}],"predecessor-version":[{"id":406,"href":"https:\/\/dccg.upc.edu\/people\/rodrigo\/wp-json\/wp\/v2\/pages\/68\/revisions\/406"}],"wp:attachment":[{"href":"https:\/\/dccg.upc.edu\/people\/rodrigo\/wp-json\/wp\/v2\/media?parent=68"}],"curies":[{"name":"wp","href":"https:\/\/api.w.org\/{rel}","templated":true}]}}