{"id":498,"date":"2023-02-07T08:39:24","date_gmt":"2023-02-07T08:39:24","guid":{"rendered":"https:\/\/dccg.upc.edu\/eurocg23\/?page_id=498"},"modified":"2023-03-27T15:42:04","modified_gmt":"2023-03-27T15:42:04","slug":"tours","status":"publish","type":"page","link":"https:\/\/dccg.upc.edu\/eurocg23\/index.php\/tours\/","title":{"rendered":"Social Activities"},"content":{"rendered":"\n<h2 class=\"wp-block-heading\">Reception<\/h2>\n\n\n\n<p><strong>Tuesday, March 28, from 18:00 to 20:00<\/strong><br><strong>Gardens of Torre Girona<\/strong><\/p>\n\n\n\n<p>All participants are invited to join the reception, which will take place at the garden of the UPC rectorate. Note that the event will be completely outdoors.<\/p>\n\n\n\n<p>In the map in following\u00a0<a href=\"https:\/\/dccg.upc.edu\/eurocg23\/index.php\/conference-venue\/\">link<\/a>, a red dot indicates the location of the reception.\u00a0Click here for a <a href=\"https:\/\/www.google.com\/maps\/place\/Pedralbes,+08034+Barcelona\/@41.3892795,2.1157792,19z\/data=!3m1!4b1!4m15!1m8!3m7!1s0x12a4985a87946b0f:0xb760682a95c23615!2sTorre+Girona,+08034+Barcelona!3b1!8m2!3d41.3893828!4d2.116092!16s%2Fg%2F1hhhh8qty!3m5!1s0x12a4985a629cf2c3:0x2b239077e400a3b!8m2!3d41.3892795!4d2.1163264!16s%2Fg%2F11q2lbrq58\" data-type=\"URL\" data-id=\"https:\/\/www.google.com\/maps\/place\/Pedralbes,+08034+Barcelona\/@41.3892795,2.1157792,19z\/data=!3m1!4b1!4m15!1m8!3m7!1s0x12a4985a87946b0f:0xb760682a95c23615!2sTorre+Girona,+08034+Barcelona!3b1!8m2!3d41.3893828!4d2.116092!16s%2Fg%2F1hhhh8qty!3m5!1s0x12a4985a629cf2c3:0x2b239077e400a3b!8m2!3d41.3892795!4d2.1163264!16s%2Fg%2F11q2lbrq58\">Google Maps location<\/a>. It is recommended to access the Torre Girona gardens from the continuation of the Keynes street.<\/p>\n\n\n\n<div class=\"wp-block-columns is-layout-flex wp-container-core-columns-is-layout-9d6595d7 wp-block-columns-is-layout-flex\">\n<div class=\"wp-block-column is-layout-flow wp-block-column-is-layout-flow\"><div class=\"wp-block-image\">\n<figure class=\"aligncenter size-full\"><img decoding=\"async\" src=\"https:\/\/dccg.upc.edu\/eurocg23\/wp-content\/uploads\/2023\/03\/Torre-Girona-3-350x246-1.jpg\" alt=\"\" class=\"wp-image-681\"\/><\/figure>\n<\/div>\n\n<div class=\"wp-block-image\">\n<figure class=\"aligncenter size-full\"><img decoding=\"async\" src=\"https:\/\/dccg.upc.edu\/eurocg23\/wp-content\/uploads\/2023\/03\/Torre-Girona-2-350x197-1.jpg\" alt=\"\" class=\"wp-image-680\"\/><\/figure>\n<\/div><\/div>\n<\/div>\n\n\n\n<p><\/p>\n\n\n\n<h2 class=\"wp-block-heading\">Lunches<\/h2>\n\n\n\n<p>From Wednesday, March 29 to Friday, March 31, lunch will take place at the Unity restaurant. From the Aula M\u00e0ster, take the outdoor stairs across the porch. At the landing of the stairs, the restaurant is to your left.<\/p>\n\n\n\n<figure class=\"wp-block-image size-full\"><img decoding=\"async\" src=\"https:\/\/dccg.upc.edu\/eurocg23\/wp-content\/uploads\/2023\/03\/unity.png\" alt=\"\" class=\"wp-image-655\"\/><\/figure>\n\n\n\n<h2 class=\"wp-block-heading\">Social dinner<\/h2>\n\n\n\n<p><strong>Thursday, March 30, at 19:30<\/strong><br><strong>Restaurant Xup-Xup<\/strong><\/p>\n\n\n\n<p>All participants are invited to join the social dinner, which will take place at the restaurant <strong>Xup-Xup,<\/strong> which is located at the city beach. Note that the dinner will outdoors.<\/p>\n\n\n\n<div class=\"wp-block-jetpack-slideshow aligncenter\" data-effect=\"slide\"><div class=\"wp-block-jetpack-slideshow_container swiper-container\"><ul class=\"wp-block-jetpack-slideshow_swiper-wrapper swiper-wrapper\"><li class=\"wp-block-jetpack-slideshow_slide swiper-slide\"><figure><img decoding=\"async\" alt=\"\" class=\"wp-block-jetpack-slideshow_image wp-image-661\" data-id=\"661\" src=\"https:\/\/dccg.upc.edu\/eurocg23\/wp-content\/uploads\/2023\/03\/xup_1.jpg\"\/><\/figure><\/li><li class=\"wp-block-jetpack-slideshow_slide swiper-slide\"><figure><img decoding=\"async\" alt=\"\" class=\"wp-block-jetpack-slideshow_image wp-image-660\" data-id=\"660\" src=\"https:\/\/dccg.upc.edu\/eurocg23\/wp-content\/uploads\/2023\/03\/xup_2.jpg\"\/><\/figure><\/li><li class=\"wp-block-jetpack-slideshow_slide swiper-slide\"><figure><img decoding=\"async\" alt=\"\" class=\"wp-block-jetpack-slideshow_image wp-image-659\" data-id=\"659\" src=\"https:\/\/dccg.upc.edu\/eurocg23\/wp-content\/uploads\/2023\/03\/xup_3.jpg\"\/><\/figure><\/li><li class=\"wp-block-jetpack-slideshow_slide swiper-slide\"><figure><img decoding=\"async\" alt=\"\" class=\"wp-block-jetpack-slideshow_image wp-image-658\" data-id=\"658\" src=\"https:\/\/dccg.upc.edu\/eurocg23\/wp-content\/uploads\/2023\/03\/xup_4.jpg\"\/><\/figure><\/li><li class=\"wp-block-jetpack-slideshow_slide swiper-slide\"><figure><img decoding=\"async\" alt=\"\" class=\"wp-block-jetpack-slideshow_image wp-image-657\" data-id=\"657\" src=\"https:\/\/dccg.upc.edu\/eurocg23\/wp-content\/uploads\/2023\/03\/xup_5.jpg\"\/><\/figure><\/li><li class=\"wp-block-jetpack-slideshow_slide swiper-slide\"><figure><img decoding=\"async\" alt=\"\" class=\"wp-block-jetpack-slideshow_image wp-image-656\" data-id=\"656\" src=\"https:\/\/dccg.upc.edu\/eurocg23\/wp-content\/uploads\/2023\/03\/xup_6.jpg\"\/><\/figure><\/li><\/ul><a class=\"wp-block-jetpack-slideshow_button-prev swiper-button-prev swiper-button-white\" role=\"button\"><\/a><a class=\"wp-block-jetpack-slideshow_button-next swiper-button-next swiper-button-white\" role=\"button\"><\/a><a aria-label=\"Pause Slideshow\" class=\"wp-block-jetpack-slideshow_button-pause\" role=\"button\"><\/a><div class=\"wp-block-jetpack-slideshow_pagination swiper-pagination swiper-pagination-white\"><\/div><\/div><\/div>\n\n\n\n<p>In order to get to the restaurant, please follow the instructions given in&nbsp;<a href=\"https:\/\/www.google.es\/maps\/place\/Xup+Xup+Restaurant\/@41.3825792,2.1685655,14.43z\/data=!4m6!3m5!1s0x12a4a3a84a3b02a9:0x833e07a31bfa2a70!8m2!3d41.3795907!4d2.1928407!16s%2Fg%2F1vgrcqtq\" data-type=\"URL\" data-id=\"https:\/\/www.google.es\/maps\/place\/Xup+Xup+Restaurant\/@41.3825792,2.1685655,14.43z\/data=!4m6!3m5!1s0x12a4a3a84a3b02a9:0x833e07a31bfa2a70!8m2!3d41.3795907!4d2.1928407!16s%2Fg%2F1vgrcqtq\">this link<\/a>.<\/p>\n\n\n\n<h2 class=\"wp-block-heading\">Tours<\/h2>\n\n\n\n<p>On March 30, just before the conference dinner, there will be a number of tours offered to participants. Participants can choose the preferred tour in the registration form.<\/p>\n\n\n\n<p><strong>Please note that each tour has a limited number of places, which will be assigned in a first come first served basis.<\/strong><\/p>\n\n\n\n<h5 class=\"wp-block-heading\">Tour 1) Gothic Quarter<\/h5>\n\n\n\n<p>This tour offered by Barcelona Turisme will lead you through the historic centre of the old city of Barcelona. Ideal if you have never been to the city.&nbsp;Duration: 1:30.<\/p>\n\n\n\n<p>This tour starts at 17:00 from <a href=\"https:\/\/www.google.es\/maps\/@41.3844062,2.1762481,3a,75y,23.79h,92.37t\/data=!3m6!1e1!3m4!1sn5Tjwx5B-MLQhbyVbaR1uQ!2e0!7i16384!8i8192\" data-type=\"URL\" data-id=\"https:\/\/www.google.es\/maps\/@41.3844062,2.1762481,3a,75y,23.79h,92.37t\/data=!3m6!1e1!3m4!1sn5Tjwx5B-MLQhbyVbaR1uQ!2e0!7i16384!8i8192\">Pla\u00e7a Nova<\/a> (Cathedral). You will pass by&nbsp;Pla\u00e7a del Rei (Palatine Chapel of St. Agatha, Watchtower of King Martin, palace of the Viceroy of Catalonia),<strong> <\/strong>Pla\u00e7a Sant Jaume (Town Hall and headquarters of the regional government), Pla\u00e7a del Pi and Pla\u00e7a Reial.<\/p>\n\n\n<div class=\"wp-block-image\">\n<figure class=\"aligncenter size-full is-resized\"><img loading=\"lazy\" decoding=\"async\" src=\"https:\/\/dccg.upc.edu\/eurocg23\/wp-content\/uploads\/2023\/02\/Kathedrale_von_Barcelona.jpg\" alt=\"\" class=\"wp-image-507\" width=\"426\" height=\"330\"\/><\/figure>\n<\/div>\n\n\n<h5 class=\"wp-block-heading\">Tour 2) Born district<\/h5>\n\n\n\n<p>This tour offered by Barcelona Turisme will lead you through the Born district, one of the oldest parts of the city, that played an important role in the&nbsp;history of Barcelona&nbsp;during the Middle Ages. Duration: 1:30.<\/p>\n\n\n\n<p>This tour starts at 17:00 from <a href=\"https:\/\/www.google.es\/maps\/@41.3844062,2.1762481,3a,75y,23.79h,92.37t\/data=!3m6!1e1!3m4!1sn5Tjwx5B-MLQhbyVbaR1uQ!2e0!7i16384!8i8192\" data-type=\"URL\" data-id=\"https:\/\/www.google.es\/maps\/@41.3844062,2.1762481,3a,75y,23.79h,92.37t\/data=!3m6!1e1!3m4!1sn5Tjwx5B-MLQhbyVbaR1uQ!2e0!7i16384!8i8192\">Pla\u00e7a Nova<\/a> (Cathedral). You will pass by Pla\u00e7a del Rei, the church Santa Maria del Mar (an outstanding example of&nbsp;Catalan Gothic), the Lotja de Mar, Passeig de Born, and Montcada street, among others.<\/p>\n\n\n<div class=\"wp-block-image\">\n<figure class=\"aligncenter size-full is-resized\"><img loading=\"lazy\" decoding=\"async\" src=\"https:\/\/dccg.upc.edu\/eurocg23\/wp-content\/uploads\/2023\/02\/169_Santa_Maria_del_Mar_Barcelona_nau_i_presbiteri.jpg\" alt=\"\" class=\"wp-image-504\" width=\"339\" height=\"452\"\/><figcaption class=\"wp-element-caption\"><sub><a href=\"https:\/\/commons.wikimedia.org\/wiki\/Category:Santa_Maria_del_Mar#\/media\/File:169_Santa_Maria_del_Mar_(Barcelona),_nau_i_presbiteri.jpg\" data-type=\"URL\" data-id=\"https:\/\/commons.wikimedia.org\/wiki\/Category:Santa_Maria_del_Mar#\/media\/File:169_Santa_Maria_del_Mar_(Barcelona),_nau_i_presbiteri.jpg\">Photo<\/a> by <a href=\"https:\/\/commons.wikimedia.org\/wiki\/User:Enric\" data-type=\"URL\" data-id=\"https:\/\/commons.wikimedia.org\/wiki\/User:Enric\">Enric<\/a> used under <\/sub><a rel=\"noreferrer noopener\" href=\"https:\/\/creativecommons.org\/licenses\/by-sa\/4.0\" target=\"_blank\"><sub>CC BY-SA 4.0<\/sub><\/a><\/figcaption><\/figure>\n<\/div>\n\n\n<h5 class=\"wp-block-heading\">Tour 3) History and Mathematics in the city <\/h5>\n\n\n\n<p>Tour offered by Pau Mir (Department of Mathematics, UPC).<\/p>\n\n\n\n<p>On this route we will discover the emblematic and key buildings in the history of mathematics in Catalonia and, especially, in Barcelona. Duration: 1:30-2:00.<\/p>\n\n\n\n<p>The tour starts in <a href=\"https:\/\/goo.gl\/maps\/rw1EagNNCAwPVa2B9\" data-type=\"URL\" data-id=\"https:\/\/goo.gl\/maps\/rw1EagNNCAwPVa2B9\">Sant Antoni metro station<\/a> (L2) at 17:00. We will pass by the Institut d&#8217;Estudis Catalans, the Royal Academy of Sciences and Arts of Barcelona, the Llotja de Mar and the old Military Academy of Mathematics. Along the way, we will also see that Ciutat Vella is full of details and mathematical curiosities, such as a handful of hidden sundials.<\/p>\n\n\n\n<p>During this tour you will walk around 5km, so it is recommended to wear comfortable clothes, and bring a water bottle.<\/p>\n\n\n<div class=\"wp-block-image\">\n<figure class=\"aligncenter size-full is-resized\"><img loading=\"lazy\" decoding=\"async\" src=\"https:\/\/dccg.upc.edu\/eurocg23\/wp-content\/uploads\/2023\/02\/Casa_de_Convalescencia_-_IEC.jpeg\" alt=\"\" class=\"wp-image-506\" width=\"483\" height=\"321\"\/><figcaption class=\"wp-element-caption\"><sub><a href=\"https:\/\/commons.wikimedia.org\/wiki\/Category:Institut_d%27Estudis_Catalans#\/media\/File:Casa_de_Convalesc\u00e8ncia_-_IEC.JPG\" data-type=\"URL\" data-id=\"https:\/\/commons.wikimedia.org\/wiki\/Category:Institut_d%27Estudis_Catalans#\/media\/File:Casa_de_Convalesc\u00e8ncia_-_IEC.JPG\">Photo<\/a> by Josep Renalias used under <a rel=\"noreferrer noopener\" href=\"https:\/\/creativecommons.org\/licenses\/by-sa\/3.0\" target=\"_blank\">CC BY-SA 3.0<\/a><\/sub><\/figcaption><\/figure>\n<\/div>\n\n\n<h5 class=\"wp-block-heading\">Tour 4) Barcelona Supercomputing Center<\/h5>\n\n\n\n<p>This tour is offered by official guides from Barcelona Supercomputing Center.&nbsp;It is located on the UPC campus, so the starting point of the tour is the place where the <a href=\"https:\/\/dccg.upc.edu\/eurocg23\/index.php\/conference-venue\/\" data-type=\"page\" data-id=\"446\">reception<\/a> takes place (Garden of Torre Girona). This tour starts at 17:15. The Barcelona Supercomputing Center Tour is a 30-40&#8242; guided visit to MareNostrum, the most powerful supercomputer in Spain. It is currently in its 4th version, with an ongoing major upgrade to the 5th version.&nbsp; More info <a href=\"https:\/\/www.bsc.es\/marenostrum\/marenostrum\" data-type=\"URL\" data-id=\"https:\/\/www.bsc.es\/marenostrum\/marenostrum\">here<\/a>.<\/p>\n\n\n<div class=\"wp-block-image\">\n<figure class=\"aligncenter size-full is-resized\"><img loading=\"lazy\" decoding=\"async\" src=\"https:\/\/dccg.upc.edu\/eurocg23\/wp-content\/uploads\/2023\/02\/2017_BSC_Superordenador_MareNostrum-4_Barcelona-Supercomputing-Center.jpg\" alt=\"\" class=\"wp-image-505\" width=\"438\" height=\"292\"\/><figcaption class=\"wp-element-caption\"><sub><a href=\"https:\/\/commons.wikimedia.org\/wiki\/Category:MareNostrum_4_(2017_supercomputer)#\/media\/File:2017_BSC_Superordenador_MareNostrum-4_Barcelona-Supercomputing-Center.jpg\" data-type=\"URL\" data-id=\"https:\/\/commons.wikimedia.org\/wiki\/Category:MareNostrum_4_(2017_supercomputer)#\/media\/File:2017_BSC_Superordenador_MareNostrum-4_Barcelona-Supercomputing-Center.jpg\">Photo<\/a> by <a href=\"https:\/\/commons.wikimedia.org\/w\/index.php?title=User:Martidaniel&amp;action=edit&amp;redlink=1\">Martidaniel<\/a> used under <a rel=\"noreferrer noopener\" href=\"https:\/\/creativecommons.org\/licenses\/by-sa\/4.0\" target=\"_blank\">CC BY-SA 4.0<\/a><\/sub><\/figcaption><\/figure>\n<\/div>","protected":false},"excerpt":{"rendered":"<p>Reception Tuesday, March 28, from 18:00 to 20:00Gardens of Torre Girona All participants are invited to join the reception, which will take place at the garden of the UPC rectorate. Note that the event will be completely outdoors. In the map in following\u00a0link, a red dot indicates the location of the reception.\u00a0Click here for a [&hellip;]<\/p>\n","protected":false},"author":3,"featured_media":0,"parent":0,"menu_order":0,"comment_status":"closed","ping_status":"closed","template":"","meta":{"footnotes":""},"class_list":["post-498","page","type-page","status-publish","hentry"],"_links":{"self":[{"href":"https:\/\/dccg.upc.edu\/eurocg23\/index.php\/wp-json\/wp\/v2\/pages\/498","targetHints":{"allow":["GET"]}}],"collection":[{"href":"https:\/\/dccg.upc.edu\/eurocg23\/index.php\/wp-json\/wp\/v2\/pages"}],"about":[{"href":"https:\/\/dccg.upc.edu\/eurocg23\/index.php\/wp-json\/wp\/v2\/types\/page"}],"author":[{"embeddable":true,"href":"https:\/\/dccg.upc.edu\/eurocg23\/index.php\/wp-json\/wp\/v2\/users\/3"}],"replies":[{"embeddable":true,"href":"https:\/\/dccg.upc.edu\/eurocg23\/index.php\/wp-json\/wp\/v2\/comments?post=498"}],"version-history":[{"count":32,"href":"https:\/\/dccg.upc.edu\/eurocg23\/index.php\/wp-json\/wp\/v2\/pages\/498\/revisions"}],"predecessor-version":[{"id":835,"href":"https:\/\/dccg.upc.edu\/eurocg23\/index.php\/wp-json\/wp\/v2\/pages\/498\/revisions\/835"}],"wp:attachment":[{"href":"https:\/\/dccg.upc.edu\/eurocg23\/index.php\/wp-json\/wp\/v2\/media?parent=498"}],"curies":[{"name":"wp","href":"https:\/\/api.w.org\/{rel}","templated":true}]}}