{"id":10,"date":"2022-02-17T09:48:00","date_gmt":"2022-02-17T09:48:00","guid":{"rendered":"https:\/\/dccg.upc.edu\/eurocg23\/?page_id=10"},"modified":"2023-02-10T10:36:26","modified_gmt":"2023-02-10T10:36:26","slug":"committees","status":"publish","type":"page","link":"https:\/\/dccg.upc.edu\/eurocg23\/index.php\/committees\/","title":{"rendered":"Committees"},"content":{"rendered":"\n<h2 class=\"wp-block-heading\">Organizing committee<\/h2>\n\n\n\n<p>Andrea de las Heras (U. Polit\u00e8cnica de Catalunya)<\/p>\n\n\n\n<p><a href=\"https:\/\/guillermoesteban.web.uah.es\" data-type=\"URL\" data-id=\"https:\/\/guillermoesteban.web.uah.es\">Guillermo Esteban <\/a>(U. de Alcal\u00e1 &amp; Carleton U.)<\/p>\n\n\n\n<p><a href=\"https:\/\/personal.us.es\/dgarijo\/\">Delia Garijo<\/a> (U. de Sevilla)<\/p>\n\n\n\n<p><a href=\"https:\/\/mat.upc.edu\/en\/people\/clemens.huemer\">Clemens Huemer<\/a> (U. Polit\u00e8cnica de Catalunya)<\/p>\n\n\n\n<p>Fabian Klute (U. Polit\u00e8cnica de Catalunya)<\/p>\n\n\n\n<p><a href=\"https:\/\/mat.upc.edu\/en\/people\/merce.mora\">Merc\u00e8 Mora<\/a> (U. Polit\u00e8cnica de Catalunya)<\/p>\n\n\n\n<p>Nicolau Oliver (U. Polit\u00e8cnica de Catalunya)<\/p>\n\n\n\n<p><a href=\"https:\/\/ordend.web.uah.es\/\">David Orden<\/a> (U. de Alcal\u00e1)<\/p>\n\n\n\n<p><a href=\"http:\/\/www.ist.tugraz.at\/parada\/\" data-type=\"URL\" data-id=\"http:\/\/www.ist.tugraz.at\/parada\/\">Irene Parada<\/a> (Utrecht U.)<\/p>\n\n\n\n<p><a href=\"https:\/\/web.mat.upc.edu\/carlos.seara\/\">Carlos Seara<\/a> (U. Polit\u00e8cnica de Catalunya)<\/p>\n\n\n\n<p><strong><a href=\"https:\/\/dccg.upc.edu\/people\/rodrigo\/\">Rodrigo Silveira<\/a> &#8211; chair<\/strong> (U. Polit\u00e8cnica de Catalunya)<\/p>\n\n\n\n<h2 class=\"wp-block-heading\">Program committee<\/h2>\n\n\n\n<p><a href=\"https:\/\/users.math-cs.spbu.ru\/~arseneva\/\" data-type=\"URL\" data-id=\"https:\/\/users.math-cs.spbu.ru\/~arseneva\/\">Elena Arseneva<\/a> (Universit\u00e0 della Svizzera italiana)<\/p>\n\n\n\n<p><a href=\"https:\/\/myweb.uoi.gr\/bekos\/\" data-type=\"URL\" data-id=\"https:\/\/myweb.uoi.gr\/bekos\/\">Michael Bekos<\/a> (University of Ioannina)<\/p>\n\n\n\n<p><a href=\"https:\/\/www.win.tue.nl\/~kbuchin\/\" data-type=\"URL\" data-id=\"https:\/\/www.win.tue.nl\/~kbuchin\/\">Kevin Buchin<\/a> (TU Dortmund)<\/p>\n\n\n\n<p><a href=\"https:\/\/research.tue.nl\/en\/persons\/mark-t-de-berg\" data-type=\"URL\" data-id=\"https:\/\/research.tue.nl\/en\/persons\/mark-t-de-berg\">Mark de Berg<\/a> (Eindhoven University of Technology)<\/p>\n\n\n\n<p><a href=\"https:\/\/mathweb.ucsd.edu\/~rfulek\/\" data-type=\"URL\" data-id=\"https:\/\/mathweb.ucsd.edu\/~rfulek\/\">Radoslav Fulek<\/a> (University of California San Diego)<\/p>\n\n\n\n<p><a href=\"https:\/\/personal.us.es\/dgarijo\/\" data-type=\"URL\" data-id=\"https:\/\/personal.us.es\/dgarijo\/\">Delia Garijo<\/a> (Universidad de Sevilla)<\/p>\n\n\n\n<p><a href=\"https:\/\/www.city.ac.uk\/about\/people\/academics\/panos-giannopoulos\" data-type=\"URL\" data-id=\"https:\/\/www.city.ac.uk\/about\/people\/academics\/panos-giannopoulos\">Panos Giannopoulos<\/a> (City, University of London)<\/p>\n\n\n\n<p><a href=\"https:\/\/people.inf.ethz.ch\/hoffmann\/\" data-type=\"URL\" data-id=\"https:\/\/people.inf.ethz.ch\/hoffmann\/\">Michael Hoffmann<\/a> (ETH Z\u00fcrich)<\/p>\n\n\n\n<p><a href=\"https:\/\/futur.upc.edu\/ClemensHuemer\" data-type=\"URL\" data-id=\"https:\/\/futur.upc.edu\/ClemensHuemer\"><strong>Clemens Huemer<\/strong><\/a> &#8211; <strong>co-chair<\/strong> (Universitat Polit\u00e8cnica de Catalunya)<\/p>\n\n\n\n<p><a href=\"http:\/\/www.geometrie.tugraz.at\/kerber\/\" data-type=\"URL\" data-id=\"http:\/\/www.geometrie.tugraz.at\/kerber\/\">Michael Kerber<\/a> (Graz University of Technology)<\/p>\n\n\n\n<p><a href=\"https:\/\/www.informatik.uni-wuerzburg.de\/en\/algo\/staff\/klemz-boris\/\" data-type=\"URL\" data-id=\"https:\/\/www.informatik.uni-wuerzburg.de\/en\/algo\/staff\/klemz-boris\/\">Boris Klemz<\/a> (Universit\u00e4t W\u00fcrzburg)<\/p>\n\n\n\n<p><a href=\"https:\/\/www.nekomath.com\" data-type=\"URL\" data-id=\"https:\/\/www.nekomath.com\">Leonardo Mart\u00ednez Sandoval<\/a> (Universidad Nacional Aut\u00f3noma de M\u00e9xico)<\/p>\n\n\n\n<p><a href=\"http:\/\/mozart.diei.unipg.it\/montecchiani\/\" data-type=\"URL\" data-id=\"http:\/\/mozart.diei.unipg.it\/montecchiani\/\">Fabrizio Montecchiani<\/a> (University of Perugia)<\/p>\n\n\n\n<p><a href=\"https:\/\/mau.se\/en\/persons\/bengt.nilsson.ts\/\" data-type=\"URL\" data-id=\"https:\/\/mau.se\/en\/persons\/bengt.nilsson.ts\/\">Bengt Nilsson<\/a> (Malm\u00f6 University)<\/p>\n\n\n\n<p><a href=\"https:\/\/webusers.imj-prg.fr\/~arnau.padrol\/\" data-type=\"URL\" data-id=\"https:\/\/webusers.imj-prg.fr\/~arnau.padrol\/\">Arnau Padrol<\/a> (Universitat de Barcelona)<\/p>\n\n\n\n<p><a href=\"https:\/\/www.cs.uoi.gr\/~palios\/\" data-type=\"URL\" data-id=\"https:\/\/www.cs.uoi.gr\/~palios\/\">Leonidas Palios<\/a> (University of Ioannina)<\/p>\n\n\n\n<p><a href=\"http:\/\/www.ist.tugraz.at\/parada\/\">Irene Parada<\/a> (Universitat Polit\u00e8cnica de Catalunya)<\/p>\n\n\n\n<p><a href=\"https:\/\/sites.google.com\/a\/usach.cl\/pablo\/\" data-type=\"URL\" data-id=\"https:\/\/sites.google.com\/a\/usach.cl\/pablo\/\">Pablo P\u00e9rez-Lantero<\/a> (University of Santiago, Chile)<\/p>\n\n\n\n<p><a href=\"https:\/\/weber.itn.liu.se\/~valpo40\/\" data-type=\"URL\" data-id=\"https:\/\/weber.itn.liu.se\/~valpo40\/\">Valentin Polishchuk<\/a> (Link\u00f6ping University)<\/p>\n\n\n\n<p><a href=\"http:\/\/uivty.cs.cas.cz\/~saumell\/\" data-type=\"URL\" data-id=\"http:\/\/uivty.cs.cas.cz\/~saumell\/\">Maria Saumell<\/a> (Czech Technical University in Prague)<\/p>\n\n\n\n<p><a href=\"https:\/\/informatika.pmf.uns.ac.rs\/o-nama\/imenik\/marko-savic\/\" data-type=\"URL\" data-id=\"https:\/\/informatika.pmf.uns.ac.rs\/o-nama\/imenik\/marko-savic\/\">Marko Savi\u0107<\/a> (University of Novi Sad)<\/p>\n\n\n\n<p><a href=\"https:\/\/page.math.tu-berlin.de\/~scheuch\/\" data-type=\"URL\" data-id=\"https:\/\/page.math.tu-berlin.de\/~scheuch\/\">Manfred Scheucher<\/a> (TU Berlin)<\/p>\n\n\n\n<p><a href=\"https:\/\/uni-tuebingen.de\/fakultaeten\/mathematisch-naturwissenschaftliche-fakultaet\/fachbereiche\/informatik\/lehrstuehle\/algorithmik\/team\/dr-lena-schlipf\/\" data-type=\"URL\" data-id=\"https:\/\/uni-tuebingen.de\/fakultaeten\/mathematisch-naturwissenschaftliche-fakultaet\/fachbereiche\/informatik\/lehrstuehle\/algorithmik\/team\/dr-lena-schlipf\/\">Lena Schlipf<\/a> (Universit\u00e4t T\u00fcbingen)<\/p>\n\n\n\n<p><a href=\"https:\/\/liu.se\/en\/employee\/chrsc91\" data-type=\"URL\" data-id=\"https:\/\/liu.se\/en\/employee\/chrsc91\">Christiane Schmidt<\/a> (Link\u00f6ping University)<\/p>\n\n\n\n<p><a href=\"http:\/\/www.mage.fst.uha.fr\/schmitt\/\" data-type=\"URL\" data-id=\"http:\/\/www.mage.fst.uha.fr\/schmitt\/\">Dominique Schmitt<\/a> (Universit\u00e9 de Haute Alsace)<\/p>\n\n\n\n<p><a href=\"https:\/\/people.inf.ethz.ch\/schnpatr\/\" data-type=\"URL\" data-id=\"https:\/\/people.inf.ethz.ch\/schnpatr\/\">Patrick Schnider<\/a> (ETH Z\u00fcrich)<\/p>\n\n\n\n<p><a href=\"https:\/\/www.fernuni-hagen.de\/ti\/team\/andre.schulz.shtml\" data-type=\"URL\" data-id=\"https:\/\/www.fernuni-hagen.de\/ti\/team\/andre.schulz.shtml\">Andr\u00e9 Schulz<\/a> (FernUniversit\u00e4t in Hagen)<\/p>\n\n\n\n<p><a href=\"https:\/\/web.mat.upc.edu\/carlos.seara\/\" data-type=\"URL\" data-id=\"https:\/\/web.mat.upc.edu\/carlos.seara\/\"><strong>Carlos Seara<\/strong><\/a> &#8211; <strong>co-chair<\/strong> (Universitat Polit\u00e8cnica de Catalunya)<\/p>\n\n\n\n<p><a href=\"https:\/\/www.ai6.uni-bayreuth.de\/de\/mitarbeiter\/fabian-stehn.html\" data-type=\"URL\" data-id=\"https:\/\/www.ai6.uni-bayreuth.de\/de\/mitarbeiter\/fabian-stehn.html\">Fabian Stehn<\/a> (Universit\u00e4t Bayreuth)<\/p>\n\n\n\n<p><a href=\"https:\/\/inf.ug.edu.pl\/~zylinski\/\" data-type=\"URL\" data-id=\"https:\/\/inf.ug.edu.pl\/~zylinski\/\">Pawe\u0142 \u017byli\u0144ski<\/a> (University of Gda\u0144sk)<\/p>\n","protected":false},"excerpt":{"rendered":"<p>Organizing committee Andrea de las Heras (U. Polit\u00e8cnica de Catalunya) Guillermo Esteban (U. de Alcal\u00e1 &amp; Carleton U.) Delia Garijo (U. de Sevilla) Clemens Huemer (U. Polit\u00e8cnica de Catalunya) Fabian Klute (U. Polit\u00e8cnica de Catalunya) Merc\u00e8 Mora (U. Polit\u00e8cnica de Catalunya) Nicolau Oliver (U. Polit\u00e8cnica de Catalunya) David Orden (U. de Alcal\u00e1) Irene Parada (Utrecht [&hellip;]<\/p>\n","protected":false},"author":3,"featured_media":0,"parent":0,"menu_order":0,"comment_status":"closed","ping_status":"closed","template":"","meta":{"footnotes":""},"class_list":["post-10","page","type-page","status-publish","hentry"],"_links":{"self":[{"href":"https:\/\/dccg.upc.edu\/eurocg23\/index.php\/wp-json\/wp\/v2\/pages\/10","targetHints":{"allow":["GET"]}}],"collection":[{"href":"https:\/\/dccg.upc.edu\/eurocg23\/index.php\/wp-json\/wp\/v2\/pages"}],"about":[{"href":"https:\/\/dccg.upc.edu\/eurocg23\/index.php\/wp-json\/wp\/v2\/types\/page"}],"author":[{"embeddable":true,"href":"https:\/\/dccg.upc.edu\/eurocg23\/index.php\/wp-json\/wp\/v2\/users\/3"}],"replies":[{"embeddable":true,"href":"https:\/\/dccg.upc.edu\/eurocg23\/index.php\/wp-json\/wp\/v2\/comments?post=10"}],"version-history":[{"count":21,"href":"https:\/\/dccg.upc.edu\/eurocg23\/index.php\/wp-json\/wp\/v2\/pages\/10\/revisions"}],"predecessor-version":[{"id":522,"href":"https:\/\/dccg.upc.edu\/eurocg23\/index.php\/wp-json\/wp\/v2\/pages\/10\/revisions\/522"}],"wp:attachment":[{"href":"https:\/\/dccg.upc.edu\/eurocg23\/index.php\/wp-json\/wp\/v2\/media?parent=10"}],"curies":[{"name":"wp","href":"https:\/\/api.w.org\/{rel}","templated":true}]}}